{"id":3,"date":"2022-11-03T22:17:33","date_gmt":"2022-11-04T04:17:33","guid":{"rendered":"http:\/\/singularityumexico.com\/?page_id=3"},"modified":"2022-11-07T13:33:07","modified_gmt":"2022-11-07T19:33:07","slug":"aviso-de-privacidad","status":"publish","type":"page","link":"https:\/\/singularityumexico.com\/en\/aviso-de-privacidad\/","title":{"rendered":"Privacy Notice"},"content":{"rendered":"<h2 class=\"uppercase\">AVISO DE PRIVACIDAD Y PROTECCI\u00d3N DE DATOS PERSONALES<\/h2>\n<h2>\u00a0<\/h2>\n<h3><b>T\u00e9rminos y condiciones de participaci\u00f3n en el SingularityU Digital Series Jalisco 2021<\/b><\/h3>\n<p>Por favor lea detenidamente los siguientes t\u00e9rminos y condiciones relativos a su participaci\u00f3n en el SingularityU Digital Series Jalisco 2021. Al registrarse al SingularityU Digital Series, el participante expresa su aceptaci\u00f3n y obligaci\u00f3n de los siguientes t\u00e9rminos y condiciones:<\/p>\n<p class=\"thin-font\">\u00a0<\/p>\n<h3><b>Conducta del participante<\/b><\/h3>\n<p>Los ponentes y expositores requieren y merecen que todos los participantes sean respetuosos con el personal del SingularityU Digital Series, durante todo el evento. Si el personal considera inapropiada su conducta, se le sorprende en estado de ebriedad o en estado inconveniente, se le pedir\u00e1 abandone el evento sin consideraci\u00f3n a rembolso o en su defecto se le dar\u00e1 de baja dentro de las plataformas donde se llevar\u00e1 a cabo el evento. Bajo ninguna circunstancia, recibir\u00e1 bonificaci\u00f3n o ser\u00e1 considerado para nuestras siguientes promociones y eventos.<\/p>\n<p class=\"thin-font\">\u00a0<\/p>\n<h3><b>Liberaci\u00f3n de responsabilidad<\/b><\/h3>\n<p>Bajo ninguna circunstancia la empresa Potencial 10x SC o alguno de sus colaboradores se hacen responsables por alg\u00fan da\u00f1o f\u00edsico o lesi\u00f3n que pudiera causarse o sufrir el participante durante el desarrollo del SingularityU Digital Series.<\/p>\n<p class=\"thin-font\">\u00a0<\/p>\n<h3><b>Condiciones de cancelaci\u00f3n<\/b><\/h3>\n<p>Una vez que los asistentes se registran para asistir al SingularityU Digital Series, se hacen todos los arreglos y gastos necesarios anticipando su asistencia. En el caso de su cancelaci\u00f3n, la empresa incurre en gastos de administraci\u00f3n y p\u00e9rdida de negocio por lo que solo se podr\u00e1 cancelar hasta 30 d\u00edas antes al evento con un 30% de penalizaci\u00f3n correspondiente. En caso de que desee transferir su boleto a otra persona, estaremos en la mejor disponibilidad de llevarlo a cabo, sin costo adicional. En caso de que la cancelaci\u00f3n sea posterior a los 30 d\u00edas del evento no se llevar\u00e1 a cabo ning\u00fan reembolso.<\/p>\n<p class=\"thin-font\">\u00a0<\/p>\n<p>En caso de pago parcial, no se respetar\u00e1 la promoci\u00f3n de pago anticipado en caso de que este no sea finiquitado dentro de la fecha establecida. En el caso de su cancelaci\u00f3n, la empresa incurre en gastos de administraci\u00f3n y p\u00e9rdida de negocio por lo que solo se podr\u00e1 cancelar hasta 30 d\u00edas antes al evento con un 30% de penalizaci\u00f3n correspondiente. En caso de que desee transferir su boleto a otra persona, estaremos en la mejor disponibilidad de llevarlo a cabo, siempre y cuando este cubra la parcialidad faltante. En caso de que la cancelaci\u00f3n sea posterior a los 30 d\u00edas del evento no se llevar\u00e1 a cabo ning\u00fan reembolso. En caso de que no se cubra la parcialidad correspondiente nos veremos obligados a liberar el boleto 15 d\u00edas antes del evento sin reembolso alguno.<\/p>\n<p class=\"thin-font\">\u00a0<\/p>\n<p>La empresa Potencial 10x SC est\u00e1 obligada a prestar el servicio contratado y s\u00f3lo en caso necesario, causas justificadas ajenas a la organizaci\u00f3n, caso fortuito o impedimento de fuerza mayor se reserva el derecho de recorrer las fechas y cambiar la sede del evento.<\/p>\n<p class=\"thin-font\">\u00a0<\/p>\n<h3><b>Protecci\u00f3n de datos personales<\/b><\/h3>\n<p>Con fundamento en los art\u00edculos 15 y 16 de la Ley Federal de Protecci\u00f3n de Datos Personales en Posesi\u00f3n de Particulares hacemos de su conocimiento que SingularityU Digital Series por medio de su p\u00e1gina, www.singularityumexicosummit.com es responsable de recabar sus datos personales, del uso que se le d\u00e9 a los mismos y de su protecci\u00f3n.<\/p>\n<p class=\"thin-font\">\u00a0<\/p>\n<p>Su informaci\u00f3n personal ser\u00e1 utilizada para las siguientes finalidades: proveer los servicios y productos que ha solicitado; notificarle sobre nuevos servicios o productos que tengan relaci\u00f3n con los ya contratados o adquiridos;<\/p>\n<p>comunicarle sobre cambios en los mismos; elaborar estudios y programas que son necesarios para determinar h\u00e1bitos de consumo; realizar evaluaciones peri\u00f3dicas de nuestros productos y servicios a efecto de mejorar la calidad de los mismos; evaluar la calidad del servicio que brindamos y en general, para dar cumplimiento a las obligaciones que hemos contra\u00eddo con usted.<\/p>\n<p class=\"thin-font\">\u00a0<\/p>\n<p>Para las finalidades antes mencionadas, requerimos obtener los siguientes datos personales: <b>Nombre completo, Edad, Tel\u00e9fono fijo y\/o celular, Direcci\u00f3n, Genero, Rango de edad, Grado de estudios, Pa\u00eds, Redes sociales, Correo electr\u00f3nico, Empresa\/escuela, Puesto y temas de inter\u00e9s.<\/b><\/p>\n<p class=\"thin-font\">\u00a0<\/p>\n<p>Le informamos que para recabar datos personales de nuestros usuarios podemos requerir la utilizaci\u00f3n de medios como los cookies (fragmentos de informaci\u00f3n que se almacenan en el disco duro del visitante de una p\u00e1gina web a trav\u00e9s de su modo a petici\u00f3n del servidor de la p\u00e1gina, la cual puede ser luego recuperada por el servidor en posteriores visitas) y\/o web\/beacons (im\u00e1genes gr\u00e1ficas transparentes, colocadas en una p\u00e1gina web o en un email y que es usado para monitorear el comportamiento de un visitante), las cuales pueden ser deshabilitadas por usted a trav\u00e9s de los procedimientos determinados y establecidos para tal efecto seg\u00fan el sistema operativo que utilice.<\/p>\n<p class=\"thin-font\">\u00a0<\/p>\n<p>Nosotros nos reservamos el derecho de transferir los ficheros y datos personales recabados para que sean tratados por terceras personas diferentes a la sociedad que desarrollen actividades iguales, afines o similares.<\/p>\n<p class=\"thin-font\">\u00a0<\/p>\n<p>Algunos de nuestros eventos est\u00e1n patrocinados. Podemos proporcionar una lista de asistentes a ciertos patrocinadores. Si no desea que su informaci\u00f3n sea compartida con un patrocinador o recibir informaci\u00f3n de patrocinadores, puede expresar sus preferencias cuando se registre para eventos.<\/p>\n<p class=\"thin-font\">\u00a0<\/p>\n<p>Es importante informarle que usted tiene derecho al Acceso, Rectificaci\u00f3n y Cancelaci\u00f3n de sus datos personales, a oponerse al tratamiento de los mismos o a revocar el consentimiento que para dicho fin nos haya otorgado.<\/p>\n<p class=\"thin-font\">\u00a0<\/p>\n<p>Para ello, es necesario que env\u00ede la solicitud en los t\u00e9rminos que marca la Ley en su Art. 29 a singularityumexicosummit.com, responsable de nuestro Departamento de Protecci\u00f3n de Datos, se comunique v\u00eda correo electr\u00f3nico a contacto@singularityumexicosummit.com, el cual solicitamos confirme v\u00eda telef\u00f3nica para garantizar su correcta recepci\u00f3n al tel\u00e9fono +52 55 43311688.<\/p>\n<p class=\"thin-font\">\u00a0<\/p>\n<p>En caso de que no desee recibir mensajes promocionales de nuestra parte, puede enviarnos su solicitud por medio de la direcci\u00f3n electr\u00f3nica: contacto@singularityumexicosummit.com. Usted puede solicitarnos no ser contactado, sin necesidad de indicar motivo alguno y sin previo aviso.<\/p>\n<p class=\"thin-font\">\u00a0<\/p>\n<h3><b>Enlaces externos y sitios de redes sociales<\/b><\/h3>\n<p>Si usted inicia sesi\u00f3n con una cuenta de redes sociales (por ejemplo, Facebook) (\u201cCuenta SNS\u201d), podemos recibir informaci\u00f3n sobre usted de conformidad con los t\u00e9rminos de uso y la pol\u00edtica de privacidad que rige cada red social. Si usted acepta compartir informaci\u00f3n con estos sitios de redes sociales, compartiremos informaci\u00f3n con ellos de acuerdo con sus opciones de privacidad. Una vez que compartamos su informaci\u00f3n con estos sitios de redes sociales, los t\u00e9rminos y pol\u00edticas de estos sitios y no nuestra Pol\u00edtica de Privacidad, se aplicar\u00e1 al uso de su informaci\u00f3n. Adem\u00e1s, si usted responde a cualquier persona directamente de uno de estos sitios, entonces usted reconoce que su informaci\u00f3n ser\u00e1 compartida fuera de nuestros Servicios y no est\u00e1 en nuestro control.<\/p>\n<p class=\"thin-font\">\u00a0<\/p>\n<p>Al hacer clic en un enlace a cualquier otro sitio web o ubicaci\u00f3n, abandonar\u00e1 nuestro sitio y dicho sitio y\/u otra entidad pueden recopilar datos personales de usted, de los cuales no tenemos control y no podemos ser responsable por el contenido, las pol\u00edticas de privacidad o las pr\u00e1cticas de terceros ser\u00e1n los correspondientes al sitio que ustedes visiten.<\/p>\n<p class=\"thin-font\">\u00a0<\/p>\n<h3><b>Preguntas para nosotros<\/b><\/h3>\n<p class=\"thin-font\">SingularityU Digital Series agradece sus comentarios o preguntas con respecto a esta Pol\u00edtica de privacidad. Por favor env\u00edenos un correo electr\u00f3nico a contacto@singularityumexicosummit.com o comun\u00edquese con nosotros al siguiente n\u00famero de tel\u00e9fono: +52 55 43311688<\/p>","protected":false},"excerpt":{"rendered":"","protected":false},"author":1,"featured_media":0,"parent":0,"menu_order":0,"comment_status":"closed","ping_status":"closed","template":"","meta":{"episode_type":"","audio_file":"","podmotor_file_id":"","podmotor_episode_id":"","cover_image":"","cover_image_id":"","duration":"","filesize":"","filesize_raw":"","date_recorded":"","explicit":"","block":"","footnotes":""},"class_list":["post-3","page","type-page","status-publish","hentry"],"_links":{"self":[{"href":"https:\/\/singularityumexico.com\/en\/wp-json\/wp\/v2\/pages\/3","targetHints":{"allow":["GET"]}}],"collection":[{"href":"https:\/\/singularityumexico.com\/en\/wp-json\/wp\/v2\/pages"}],"about":[{"href":"https:\/\/singularityumexico.com\/en\/wp-json\/wp\/v2\/types\/page"}],"author":[{"embeddable":true,"href":"https:\/\/singularityumexico.com\/en\/wp-json\/wp\/v2\/users\/1"}],"replies":[{"embeddable":true,"href":"https:\/\/singularityumexico.com\/en\/wp-json\/wp\/v2\/comments?post=3"}],"version-history":[{"count":3,"href":"https:\/\/singularityumexico.com\/en\/wp-json\/wp\/v2\/pages\/3\/revisions"}],"predecessor-version":[{"id":133,"href":"https:\/\/singularityumexico.com\/en\/wp-json\/wp\/v2\/pages\/3\/revisions\/133"}],"wp:attachment":[{"href":"https:\/\/singularityumexico.com\/en\/wp-json\/wp\/v2\/media?parent=3"}],"curies":[{"name":"wp","href":"https:\/\/api.w.org\/{rel}","templated":true}]}}