{"id":4265,"date":"2021-08-13T14:27:35","date_gmt":"2021-08-13T19:27:35","guid":{"rendered":"https:\/\/singularityumexicosummit.com\/?page_id=521"},"modified":"2022-11-15T18:43:21","modified_gmt":"2022-11-16T00:43:21","slug":"solicitud-patrocinadores","status":"publish","type":"page","link":"https:\/\/singularityumexico.com\/en\/solicitud-patrocinadores\/","title":{"rendered":"Solicitud Patrocinadores"},"content":{"rendered":"<h2 class=\"uppercase\">Patrocinadores<\/h2>\n<p>En SingularityU Virtual Summit buscamos alianzas a largo plazo. Estamos convencidos de que solo JUNTOS podemos comenzar este cambio transformacional que nuestro pa\u00eds requiere. Ay\u00fadanos llenado las siguientes preguntas para poder tener un panorama m\u00e1s completo de lo que estas buscando y contactarte. Muchas gracias.<\/p>\n<div class=\"forminator-ui forminator-custom-form forminator-custom-form-4271 forminator-design--flat  forminator_ajax\" data-forminator-render=\"0\" data-form=\"forminator-module-4271\" data-uid=\"69e46a38ae1f6\"><br\/><\/div><form\n\t\t\t\tid=\"forminator-module-4271\"\n\t\t\t\tclass=\"forminator-ui forminator-custom-form forminator-custom-form-4271 forminator-design--flat  forminator_ajax\"\n\t\t\t\tmethod=\"post\"\n\t\t\t\tdata-forminator-render=\"0\"\n\t\t\t\tdata-form-id=\"4271\"\n\t\t\t\t data-color-option=\"default\" data-design=\"flat\" data-grid=\"open\" style=\"display: none;\"\n\t\t\t\tdata-uid=\"69e46a38ae1f6\" action=\"\"\n\t\t\t><div role=\"alert\" aria-live=\"polite\" class=\"forminator-response-message forminator-error\" aria-hidden=\"true\"><\/div><div class=\"forminator-row\"><div id=\"name-1\" class=\"forminator-field-name forminator-col forminator-col-12\"><div class=\"forminator-field\"><label for=\"forminator-field-name-1_69e46a38ae1f6\" id=\"forminator-field-name-1_69e46a38ae1f6-label\" class=\"forminator-label\">Nombre <span class=\"forminator-required\">*<\/span><\/label><input type=\"text\" name=\"name-1\" value=\"\" placeholder=\"Ejemplo: Pedro Garc\u00eda Mart\u00ednez\" id=\"forminator-field-name-1_69e46a38ae1f6\" class=\"forminator-input forminator-name--field\" aria-required=\"true\" autocomplete=\"name\" \/><\/div><\/div><\/div><div class=\"forminator-row\"><div id=\"email-1\" class=\"forminator-field-email forminator-col forminator-col-12\"><div class=\"forminator-field\"><label for=\"forminator-field-email-1_69e46a38ae1f6\" id=\"forminator-field-email-1_69e46a38ae1f6-label\" class=\"forminator-label\">Correo electr\u00f3nico <span class=\"forminator-required\">*<\/span><\/label><input type=\"email\" name=\"email-1\" value=\"\" placeholder=\"Ejemplo: nombre@thenextfrontier.mx\" id=\"forminator-field-email-1_69e46a38ae1f6\" class=\"forminator-input forminator-email--field\" data-required=\"1\" aria-required=\"true\" autocomplete=\"email\" \/><\/div><\/div><\/div><div class=\"forminator-row\"><div id=\"text-1\" class=\"forminator-field-text forminator-col forminator-col-12\"><div class=\"forminator-field\"><label for=\"forminator-field-text-1_69e46a38ae1f6\" id=\"forminator-field-text-1_69e46a38ae1f6-label\" class=\"forminator-label\">Empresa u Organizaci\u00f3n <span class=\"forminator-required\">*<\/span><\/label><input type=\"text\" name=\"text-1\" value=\"\" placeholder=\"Ejemplo: The Next Frontier\" id=\"forminator-field-text-1_69e46a38ae1f6\" class=\"forminator-input forminator-name--field\" data-required=\"1\" \/><\/div><\/div><\/div><div class=\"forminator-row\"><div id=\"select-1\" class=\"forminator-field-select forminator-col forminator-col-12\"><div class=\"forminator-field\"><label for=\"forminator-form-4271__field--select-1_69e46a38ae1f6\" id=\"forminator-form-4271__field--select-1_69e46a38ae1f6-label\" class=\"forminator-label\">Tama\u00f1o de tu organizaci\u00f3n <span class=\"forminator-required\">*<\/span><\/label><select  id=\"forminator-form-4271__field--select-1_69e46a38ae1f6\" class=\"forminator-select--field forminator-select2 forminator-select2-multiple\" data-required=\"1\" name=\"select-1\" data-default-value=\"\" data-placeholder=\"Seleccionar\" data-search=\"false\" data-search-placeholder=\"Seleccionar\" data-checkbox=\"false\" data-allow-clear=\"false\" aria-labelledby=\"forminator-form-4271__field--select-1_69e46a38ae1f6-label\"><option value=\"\"  >Seleccionar<\/option><option value=\"one\"  data-calculation=\"0\">1-10<\/option><option value=\"two\"  data-calculation=\"0\">11-50<\/option><option value=\"51-200\"  data-calculation=\"0\">51-200<\/option><option value=\"201-500\"  data-calculation=\"0\">201-500<\/option><option value=\"501-1000\"  data-calculation=\"0\">501-1000<\/option><option value=\"1001-5000\"  data-calculation=\"0\">1001-5000<\/option><option value=\"5001-10000\"  data-calculation=\"0\">5001-10000<\/option><option value=\"10000+\"  data-calculation=\"0\">10000+<\/option><\/select><\/div><\/div><\/div><div class=\"forminator-row\"><div id=\"phone-1\" class=\"forminator-field-phone forminator-col forminator-col-12\"><div class=\"forminator-field\"><label for=\"forminator-field-phone-1_69e46a38ae1f6\" id=\"forminator-field-phone-1_69e46a38ae1f6-label\" class=\"forminator-label\">Tel\u00e9fono <span class=\"forminator-required\">*<\/span><\/label><input type=\"text\" name=\"phone-1\" value=\"\" placeholder=\"Ejemplo: +52 300 400 5000\" id=\"forminator-field-phone-1_69e46a38ae1f6\" class=\"forminator-input forminator-field--phone\" data-required=\"1\" aria-required=\"true\" autocomplete=\"off\" data-national_mode=\"enabled\" data-country=\"mx\" data-validation=\"standard\" \/><\/div><\/div><\/div><div class=\"forminator-row\"><div id=\"text-2\" class=\"forminator-field-text forminator-col forminator-col-12\"><div class=\"forminator-field\"><label for=\"forminator-field-text-2_69e46a38ae1f6\" id=\"forminator-field-text-2_69e46a38ae1f6-label\" class=\"forminator-label\">Puesto <span class=\"forminator-required\">*<\/span><\/label><input type=\"text\" name=\"text-2\" value=\"\" placeholder=\"EjemEjemplo: Directorplo: texto de marcador de posici\u00f3n\" id=\"forminator-field-text-2_69e46a38ae1f6\" class=\"forminator-input forminator-name--field\" data-required=\"1\" \/><\/div><\/div><\/div><div class=\"forminator-row\"><div id=\"select-2\" class=\"forminator-field-select forminator-col forminator-col-12\"><div class=\"forminator-field\"><label for=\"forminator-form-4271__field--select-2_69e46a38ae1f6\" id=\"forminator-form-4271__field--select-2_69e46a38ae1f6-label\" class=\"forminator-label\">Giro de tu organizaci\u00f3n dentro de la industria <span class=\"forminator-required\">*<\/span><\/label><select  id=\"forminator-form-4271__field--select-2_69e46a38ae1f6\" class=\"forminator-select--field forminator-select2 forminator-select2-multiple\" data-required=\"1\" name=\"select-2\" data-default-value=\"\" data-placeholder=\"Seleccionar\" data-search=\"false\" data-search-placeholder=\"Seleccionar\" data-checkbox=\"false\" data-allow-clear=\"false\" aria-labelledby=\"forminator-form-4271__field--select-2_69e46a38ae1f6-label\"><option value=\"\"  >Seleccionar<\/option><option value=\"one\"  data-calculation=\"0\">Manufactura<\/option><option value=\"two\"  data-calculation=\"0\">Automotriz<\/option><option value=\"Textil\"  data-calculation=\"0\">Textil<\/option><option value=\"Moda-y-Calzado\"  data-calculation=\"0\">Moda y Calzado<\/option><option value=\"Salud\"  data-calculation=\"0\">Salud<\/option><option value=\"Alimenticia-y-de-Bebidas\"  data-calculation=\"0\">Alimenticia y de Bebidas<\/option><option value=\"Farmac\u00e9utica\"  data-calculation=\"0\">Farmac\u00e9utica<\/option><option value=\"Servicios\"  data-calculation=\"0\">Servicios<\/option><option value=\"Construcci\u00f3n\"  data-calculation=\"0\">Construcci\u00f3n<\/option><option value=\"Industrias-Creativas\"  data-calculation=\"0\">Industrias Creativas<\/option><option value=\"Turismo\"  data-calculation=\"0\">Turismo<\/option><option value=\"Sector-P\u00fablico\"  data-calculation=\"0\">Sector P\u00fablico<\/option><option value=\"Emprendedor\"  data-calculation=\"0\">Emprendedor<\/option><option value=\"Otro\"  data-calculation=\"0\">Otro<\/option><\/select><\/div><\/div><\/div><div class=\"forminator-row\"><div id=\"textarea-1\" class=\"forminator-field-textarea forminator-col forminator-col-12\"><div class=\"forminator-field\"><label for=\"forminator-field-textarea-1_69e46a38ae1f6\" id=\"forminator-field-textarea-1_69e46a38ae1f6-label\" class=\"forminator-label\">\u00bfPor qu\u00e9 estas interesado(a) en patrocinar el SingularityU Digital Series Jalisco 2021? <span class=\"forminator-required\">*<\/span><\/label><textarea name=\"textarea-1\" placeholder=\"\" id=\"forminator-field-textarea-1_69e46a38ae1f6\" class=\"forminator-textarea\" rows=\"6\" style=\"min-height:140px;\" ><\/textarea><\/div><\/div><\/div><div class=\"forminator-row\"><div id=\"checkbox-1\" class=\"forminator-field-checkbox forminator-col forminator-col-12\"><div role=\"group\" class=\"forminator-field required\" aria-labelledby=\"forminator-checkbox-group-forminator-field-checkbox-1-69e46a38ae1f6-label\"><span id=\"forminator-checkbox-group-forminator-field-checkbox-1-69e46a38ae1f6-label\" class=\"forminator-label\">Temas de inter\u00e9s <span class=\"forminator-required\">*<\/span><\/span><label id=\"forminator-field-checkbox-1-1-69e46a38ae1f6-label\" for=\"forminator-field-checkbox-1-1-69e46a38ae1f6\" class=\"forminator-checkbox forminator-checkbox-inline\" title=\"Rob\u00f3tica\"><input type=\"checkbox\" name=\"checkbox-1[]\" value=\"one\" id=\"forminator-field-checkbox-1-1-69e46a38ae1f6\" aria-labelledby=\"forminator-field-checkbox-1-1-69e46a38ae1f6-label\" data-calculation=\"0\"  \/><span class=\"forminator-checkbox-box\" aria-hidden=\"true\"><\/span><span class=\"forminator-checkbox-label\">Rob\u00f3tica<\/span><\/label><label id=\"forminator-field-checkbox-1-2-69e46a38ae1f6-label\" for=\"forminator-field-checkbox-1-2-69e46a38ae1f6\" class=\"forminator-checkbox forminator-checkbox-inline\" title=\"Artificial Intelligence\"><input type=\"checkbox\" name=\"checkbox-1[]\" value=\"two\" id=\"forminator-field-checkbox-1-2-69e46a38ae1f6\" aria-labelledby=\"forminator-field-checkbox-1-2-69e46a38ae1f6-label\" data-calculation=\"0\"  \/><span class=\"forminator-checkbox-box\" aria-hidden=\"true\"><\/span><span class=\"forminator-checkbox-label\">Artificial Intelligence<\/span><\/label><label id=\"forminator-field-checkbox-1-3-69e46a38ae1f6-label\" for=\"forminator-field-checkbox-1-3-69e46a38ae1f6\" class=\"forminator-checkbox forminator-checkbox-inline\" title=\"Biotechnology\"><input type=\"checkbox\" name=\"checkbox-1[]\" value=\"Biotecnolog\u00eda\" id=\"forminator-field-checkbox-1-3-69e46a38ae1f6\" aria-labelledby=\"forminator-field-checkbox-1-3-69e46a38ae1f6-label\" data-calculation=\"0\"  \/><span class=\"forminator-checkbox-box\" aria-hidden=\"true\"><\/span><span class=\"forminator-checkbox-label\">Biotechnology<\/span><\/label><label id=\"forminator-field-checkbox-1-4-69e46a38ae1f6-label\" for=\"forminator-field-checkbox-1-4-69e46a38ae1f6\" class=\"forminator-checkbox forminator-checkbox-inline\" title=\"IoT\"><input type=\"checkbox\" name=\"checkbox-1[]\" value=\"IoT\" id=\"forminator-field-checkbox-1-4-69e46a38ae1f6\" aria-labelledby=\"forminator-field-checkbox-1-4-69e46a38ae1f6-label\" data-calculation=\"0\"  \/><span class=\"forminator-checkbox-box\" aria-hidden=\"true\"><\/span><span class=\"forminator-checkbox-label\">IoT<\/span><\/label><label id=\"forminator-field-checkbox-1-5-69e46a38ae1f6-label\" for=\"forminator-field-checkbox-1-5-69e46a38ae1f6\" class=\"forminator-checkbox forminator-checkbox-inline\" title=\"Blockchain\"><input type=\"checkbox\" name=\"checkbox-1[]\" value=\"Blockchain\" id=\"forminator-field-checkbox-1-5-69e46a38ae1f6\" aria-labelledby=\"forminator-field-checkbox-1-5-69e46a38ae1f6-label\" data-calculation=\"0\"  \/><span class=\"forminator-checkbox-box\" aria-hidden=\"true\"><\/span><span class=\"forminator-checkbox-label\">Blockchain<\/span><\/label><label id=\"forminator-field-checkbox-1-6-69e46a38ae1f6-label\" for=\"forminator-field-checkbox-1-6-69e46a38ae1f6\" class=\"forminator-checkbox forminator-checkbox-inline\" title=\"Computaci\u00f3n Cu\u00e1ntica\"><input type=\"checkbox\" name=\"checkbox-1[]\" value=\"Computaci\u00f3n-Cu\u00e1ntica\" id=\"forminator-field-checkbox-1-6-69e46a38ae1f6\" aria-labelledby=\"forminator-field-checkbox-1-6-69e46a38ae1f6-label\" data-calculation=\"0\"  \/><span class=\"forminator-checkbox-box\" aria-hidden=\"true\"><\/span><span class=\"forminator-checkbox-label\">Computaci\u00f3n Cu\u00e1ntica<\/span><\/label><label id=\"forminator-field-checkbox-1-7-69e46a38ae1f6-label\" for=\"forminator-field-checkbox-1-7-69e46a38ae1f6\" class=\"forminator-checkbox forminator-checkbox-inline\" title=\"Energ\u00eda\"><input type=\"checkbox\" name=\"checkbox-1[]\" value=\"Energ\u00eda\" id=\"forminator-field-checkbox-1-7-69e46a38ae1f6\" aria-labelledby=\"forminator-field-checkbox-1-7-69e46a38ae1f6-label\" data-calculation=\"0\"  \/><span class=\"forminator-checkbox-box\" aria-hidden=\"true\"><\/span><span class=\"forminator-checkbox-label\">Energ\u00eda<\/span><\/label><label id=\"forminator-field-checkbox-1-8-69e46a38ae1f6-label\" for=\"forminator-field-checkbox-1-8-69e46a38ae1f6\" class=\"forminator-checkbox forminator-checkbox-inline\" title=\"Neuroscience\"><input type=\"checkbox\" name=\"checkbox-1[]\" value=\"Neurociencia\" id=\"forminator-field-checkbox-1-8-69e46a38ae1f6\" aria-labelledby=\"forminator-field-checkbox-1-8-69e46a38ae1f6-label\" data-calculation=\"0\"  \/><span class=\"forminator-checkbox-box\" aria-hidden=\"true\"><\/span><span class=\"forminator-checkbox-label\">Neuroscience<\/span><\/label><label id=\"forminator-field-checkbox-1-9-69e46a38ae1f6-label\" for=\"forminator-field-checkbox-1-9-69e46a38ae1f6\" class=\"forminator-checkbox forminator-checkbox-inline\" title=\"Medicina Digital\"><input type=\"checkbox\" name=\"checkbox-1[]\" value=\"Medicina-Digital\" id=\"forminator-field-checkbox-1-9-69e46a38ae1f6\" aria-labelledby=\"forminator-field-checkbox-1-9-69e46a38ae1f6-label\" data-calculation=\"0\"  \/><span class=\"forminator-checkbox-box\" aria-hidden=\"true\"><\/span><span class=\"forminator-checkbox-label\">Medicina Digital<\/span><\/label><label id=\"forminator-field-checkbox-1-10-69e46a38ae1f6-label\" for=\"forminator-field-checkbox-1-10-69e46a38ae1f6\" class=\"forminator-checkbox forminator-checkbox-inline\" title=\"Realidad Virtual Aumentada\"><input type=\"checkbox\" name=\"checkbox-1[]\" value=\"Realidad-Virtual-Aumentada\" id=\"forminator-field-checkbox-1-10-69e46a38ae1f6\" aria-labelledby=\"forminator-field-checkbox-1-10-69e46a38ae1f6-label\" data-calculation=\"0\"  \/><span class=\"forminator-checkbox-box\" aria-hidden=\"true\"><\/span><span class=\"forminator-checkbox-label\">Realidad Virtual Aumentada<\/span><\/label><label id=\"forminator-field-checkbox-1-11-69e46a38ae1f6-label\" for=\"forminator-field-checkbox-1-11-69e46a38ae1f6\" class=\"forminator-checkbox forminator-checkbox-inline\" title=\"Drones\"><input type=\"checkbox\" name=\"checkbox-1[]\" value=\"Drones\" id=\"forminator-field-checkbox-1-11-69e46a38ae1f6\" aria-labelledby=\"forminator-field-checkbox-1-11-69e46a38ae1f6-label\" data-calculation=\"0\"  \/><span class=\"forminator-checkbox-box\" aria-hidden=\"true\"><\/span><span class=\"forminator-checkbox-label\">Drones<\/span><\/label><label id=\"forminator-field-checkbox-1-12-69e46a38ae1f6-label\" for=\"forminator-field-checkbox-1-12-69e46a38ae1f6\" class=\"forminator-checkbox forminator-checkbox-inline\" title=\"Impresi\u00f3n 3D\"><input type=\"checkbox\" name=\"checkbox-1[]\" value=\"Impresi\u00f3n-3D\" id=\"forminator-field-checkbox-1-12-69e46a38ae1f6\" aria-labelledby=\"forminator-field-checkbox-1-12-69e46a38ae1f6-label\" data-calculation=\"0\"  \/><span class=\"forminator-checkbox-box\" aria-hidden=\"true\"><\/span><span class=\"forminator-checkbox-label\">Impresi\u00f3n 3D<\/span><\/label><label id=\"forminator-field-checkbox-1-13-69e46a38ae1f6-label\" for=\"forminator-field-checkbox-1-13-69e46a38ae1f6\" class=\"forminator-checkbox forminator-checkbox-inline\" title=\"Nanotecnolog\u00eda\"><input type=\"checkbox\" name=\"checkbox-1[]\" value=\"Nanotecnolog\u00eda\" id=\"forminator-field-checkbox-1-13-69e46a38ae1f6\" aria-labelledby=\"forminator-field-checkbox-1-13-69e46a38ae1f6-label\" data-calculation=\"0\"  \/><span class=\"forminator-checkbox-box\" aria-hidden=\"true\"><\/span><span class=\"forminator-checkbox-label\">Nanotecnolog\u00eda<\/span><\/label><label id=\"forminator-field-checkbox-1-14-69e46a38ae1f6-label\" for=\"forminator-field-checkbox-1-14-69e46a38ae1f6\" class=\"forminator-checkbox forminator-checkbox-inline\" title=\"Computaci\u00f3n y Redes\"><input type=\"checkbox\" name=\"checkbox-1[]\" value=\"Computaci\u00f3n-y-Redes\" id=\"forminator-field-checkbox-1-14-69e46a38ae1f6\" aria-labelledby=\"forminator-field-checkbox-1-14-69e46a38ae1f6-label\" data-calculation=\"0\"  \/><span class=\"forminator-checkbox-box\" aria-hidden=\"true\"><\/span><span class=\"forminator-checkbox-label\">Computaci\u00f3n y Redes<\/span><\/label><\/div><\/div><\/div><div class=\"forminator-row\"><div id=\"checkbox-2\" class=\"forminator-field-checkbox forminator-col forminator-col-12\"><div role=\"group\" class=\"forminator-field required\" aria-labelledby=\"forminator-checkbox-group-forminator-field-checkbox-2-69e46a38ae1f6-label\"><span id=\"forminator-checkbox-group-forminator-field-checkbox-2-69e46a38ae1f6-label\" class=\"forminator-label\">\u00bfC\u00f3mo te enteraste del evento? <span class=\"forminator-required\">*<\/span><\/span><label id=\"forminator-field-checkbox-2-1-69e46a38ae1f6-label\" for=\"forminator-field-checkbox-2-1-69e46a38ae1f6\" class=\"forminator-checkbox\" title=\"Revista\"><input type=\"checkbox\" name=\"checkbox-2[]\" value=\"one\" id=\"forminator-field-checkbox-2-1-69e46a38ae1f6\" aria-labelledby=\"forminator-field-checkbox-2-1-69e46a38ae1f6-label\" data-calculation=\"0\"  \/><span class=\"forminator-checkbox-box\" aria-hidden=\"true\"><\/span><span class=\"forminator-checkbox-label\">Revista<\/span><\/label><label id=\"forminator-field-checkbox-2-2-69e46a38ae1f6-label\" for=\"forminator-field-checkbox-2-2-69e46a38ae1f6\" class=\"forminator-checkbox\" title=\"Peri\u00f3dico\"><input type=\"checkbox\" name=\"checkbox-2[]\" value=\"two\" id=\"forminator-field-checkbox-2-2-69e46a38ae1f6\" aria-labelledby=\"forminator-field-checkbox-2-2-69e46a38ae1f6-label\" data-calculation=\"0\"  \/><span class=\"forminator-checkbox-box\" aria-hidden=\"true\"><\/span><span class=\"forminator-checkbox-label\">Peri\u00f3dico<\/span><\/label><label id=\"forminator-field-checkbox-2-3-69e46a38ae1f6-label\" for=\"forminator-field-checkbox-2-3-69e46a38ae1f6\" class=\"forminator-checkbox\" title=\"Internet\"><input type=\"checkbox\" name=\"checkbox-2[]\" value=\"Internet\" id=\"forminator-field-checkbox-2-3-69e46a38ae1f6\" aria-labelledby=\"forminator-field-checkbox-2-3-69e46a38ae1f6-label\" data-calculation=\"0\"  \/><span class=\"forminator-checkbox-box\" aria-hidden=\"true\"><\/span><span class=\"forminator-checkbox-label\">Internet<\/span><\/label><label id=\"forminator-field-checkbox-2-4-69e46a38ae1f6-label\" for=\"forminator-field-checkbox-2-4-69e46a38ae1f6\" class=\"forminator-checkbox\" title=\"Radio\"><input type=\"checkbox\" name=\"checkbox-2[]\" value=\"Radio\" id=\"forminator-field-checkbox-2-4-69e46a38ae1f6\" aria-labelledby=\"forminator-field-checkbox-2-4-69e46a38ae1f6-label\" data-calculation=\"0\"  \/><span class=\"forminator-checkbox-box\" aria-hidden=\"true\"><\/span><span class=\"forminator-checkbox-label\">Radio<\/span><\/label><label id=\"forminator-field-checkbox-2-5-69e46a38ae1f6-label\" for=\"forminator-field-checkbox-2-5-69e46a38ae1f6\" class=\"forminator-checkbox\" title=\"Recomendaci\u00f3n\"><input type=\"checkbox\" name=\"checkbox-2[]\" value=\"Recomendaci\u00f3n\" id=\"forminator-field-checkbox-2-5-69e46a38ae1f6\" aria-labelledby=\"forminator-field-checkbox-2-5-69e46a38ae1f6-label\" data-calculation=\"0\"  \/><span class=\"forminator-checkbox-box\" aria-hidden=\"true\"><\/span><span class=\"forminator-checkbox-label\">Recomendaci\u00f3n<\/span><\/label><label id=\"forminator-field-checkbox-2-6-69e46a38ae1f6-label\" for=\"forminator-field-checkbox-2-6-69e46a38ae1f6\" class=\"forminator-checkbox\" title=\"Soy parte de la comunidad\"><input type=\"checkbox\" name=\"checkbox-2[]\" value=\"Soy-parte-de-la-comunidad\" id=\"forminator-field-checkbox-2-6-69e46a38ae1f6\" aria-labelledby=\"forminator-field-checkbox-2-6-69e46a38ae1f6-label\" data-calculation=\"0\"  \/><span class=\"forminator-checkbox-box\" aria-hidden=\"true\"><\/span><span class=\"forminator-checkbox-label\">Soy parte de la comunidad<\/span><\/label><label id=\"forminator-field-checkbox-2-7-69e46a38ae1f6-label\" for=\"forminator-field-checkbox-2-7-69e46a38ae1f6\" class=\"forminator-checkbox\" title=\"Otro\"><input type=\"checkbox\" name=\"checkbox-2[]\" value=\"Otro\" id=\"forminator-field-checkbox-2-7-69e46a38ae1f6\" aria-labelledby=\"forminator-field-checkbox-2-7-69e46a38ae1f6-label\" data-calculation=\"0\"  \/><span class=\"forminator-checkbox-box\" aria-hidden=\"true\"><\/span><span class=\"forminator-checkbox-label\">Otro<\/span><\/label><\/div><\/div><\/div><div class=\"forminator-row\"><div id=\"consent-1\" class=\"forminator-field-consent forminator-col forminator-col-12\"><div class=\"forminator-field\"><label for=\"forminator-field-consent-1_69e46a38ae1f6\" id=\"forminator-field-consent-1_69e46a38ae1f6-label\" class=\"forminator-label\">Pol\u00edticas <span class=\"forminator-required\">*<\/span><\/label><div class=\"forminator-checkbox__wrapper\"><label id=\"forminator-field-consent-1_69e46a38ae1f6__label\" class=\"forminator-checkbox forminator-consent\"><input type=\"checkbox\" name=\"consent-1\" id=\"forminator-field-consent-1_69e46a38ae1f6\" value=\"checked\" aria-labelledby=\"forminator-field-consent-1_69e46a38ae1f6-label\" aria-describedby=\"forminator-field-consent-1_69e46a38ae1f6__description\" data-required=\"true\" aria-required=\"true\" \/><span class=\"forminator-checkbox-box\" aria-hidden=\"true\"><\/span><\/label><div id=\"forminator-field-consent-1_69e46a38ae1f6__description\" class=\"forminator-checkbox__label forminator-consent__label\"><p>S\u00ed, acepto la <a href=\"https:\/\/singularityumexico.com\/en\/aviso-de-privacidad\/\" target=\"_blank\" rel=\"noopener\">pol\u00edtica de privacidad<\/a> y los <a href=\"https:\/\/su.org\/terms-of-use\/\" target=\"_blank\" rel=\"noopener\">t\u00e9rminos y condiciones<\/a>.<\/p><\/div><\/div><\/div><\/div><\/div><div class=\"forminator-row\"><div id=\"captcha-1\" class=\"forminator-field-captcha forminator-col forminator-col-12\"><div class=\"forminator-captcha-left forminator-g-recaptcha\" data-theme=\"light\"  data-sitekey=\"6LdXhg0jAAAAAC3sxGOvtpMqh4huM_060_DkSAkI\" data-size=\"normal\"><\/div> <\/div><\/div><input type=\"hidden\" name=\"referer_url\" value=\"\" \/><div class=\"forminator-row forminator-row-last\"><div class=\"forminator-col\"><div class=\"forminator-field\"><button class=\"forminator-button forminator-button-submit\">Enviar mensaje<\/button><\/div><\/div><\/div><input type=\"hidden\" id=\"forminator_nonce\" name=\"forminator_nonce\" value=\"9d4ab0c021\" \/><input type=\"hidden\" name=\"_wp_http_referer\" value=\"\/en\/wp-json\/wp\/v2\/pages\/4265\" \/><input type=\"hidden\" name=\"form_id\" value=\"4271\"><input type=\"hidden\" name=\"page_id\" value=\"4265\"><input type=\"hidden\" name=\"form_type\" value=\"default\"><input type=\"hidden\" name=\"current_url\" value=\"https:\/\/singularityumexico.com\/en\/solicitud-patrocinadores\/\"><input type=\"hidden\" name=\"render_id\" value=\"0\"><input type=\"hidden\" name=\"action\" value=\"forminator_submit_form_custom-forms\"><input type=\"hidden\" name=\"trp-form-language\" value=\"en\"\/><\/form>","protected":false},"excerpt":{"rendered":"","protected":false},"author":1,"featured_media":0,"parent":0,"menu_order":0,"comment_status":"closed","ping_status":"closed","template":"","meta":{"episode_type":"","audio_file":"","podmotor_file_id":"","podmotor_episode_id":"","cover_image":"","cover_image_id":"","duration":"","filesize":"","filesize_raw":"","date_recorded":"","explicit":"","block":"","footnotes":""},"class_list":["post-4265","page","type-page","status-publish","hentry"],"_links":{"self":[{"href":"https:\/\/singularityumexico.com\/en\/wp-json\/wp\/v2\/pages\/4265","targetHints":{"allow":["GET"]}}],"collection":[{"href":"https:\/\/singularityumexico.com\/en\/wp-json\/wp\/v2\/pages"}],"about":[{"href":"https:\/\/singularityumexico.com\/en\/wp-json\/wp\/v2\/types\/page"}],"author":[{"embeddable":true,"href":"https:\/\/singularityumexico.com\/en\/wp-json\/wp\/v2\/users\/1"}],"replies":[{"embeddable":true,"href":"https:\/\/singularityumexico.com\/en\/wp-json\/wp\/v2\/comments?post=4265"}],"version-history":[{"count":3,"href":"https:\/\/singularityumexico.com\/en\/wp-json\/wp\/v2\/pages\/4265\/revisions"}],"predecessor-version":[{"id":4272,"href":"https:\/\/singularityumexico.com\/en\/wp-json\/wp\/v2\/pages\/4265\/revisions\/4272"}],"wp:attachment":[{"href":"https:\/\/singularityumexico.com\/en\/wp-json\/wp\/v2\/media?parent=4265"}],"curies":[{"name":"wp","href":"https:\/\/api.w.org\/{rel}","templated":true}]}}