{"id":4266,"date":"2021-08-13T15:14:01","date_gmt":"2021-08-13T20:14:01","guid":{"rendered":"https:\/\/singularityumexicosummit.com\/?page_id=528"},"modified":"2022-11-15T22:40:26","modified_gmt":"2022-11-16T04:40:26","slug":"solicitud-prensa","status":"publish","type":"page","link":"https:\/\/singularityumexico.com\/en\/solicitud-prensa\/","title":{"rendered":"Solicitud Prensa"},"content":{"rendered":"<h2 class=\"uppercase\">Prensa<\/h2>\n<p>Si estas interesado en cubrir nuestro evento o que te incluyamos dentro de nuestros comunicados de prensa, por favor llena el siguiente cuestionario. Cualquier duda al respecto favor de escribir a:\u00a0<span style=\"color: #ec6629; font-size: medium;\">prensa@singularityumexicosummit.com<\/span>\u00a0o comunicarse a los tel\u00e9fonos:\u00a0<span style=\"color: #ec6628; font-size: medium;\">+52 55 63 90 33 53 \/ +52 55 63 90 33 54<\/span><\/p>\n<div class=\"forminator-ui forminator-custom-form forminator-custom-form-4273 forminator-design--flat  forminator_ajax\" data-forminator-render=\"0\" data-form=\"forminator-module-4273\" data-uid=\"69e6ead3d83e8\"><br\/><\/div><form\n\t\t\t\tid=\"forminator-module-4273\"\n\t\t\t\tclass=\"forminator-ui forminator-custom-form forminator-custom-form-4273 forminator-design--flat  forminator_ajax\"\n\t\t\t\tmethod=\"post\"\n\t\t\t\tdata-forminator-render=\"0\"\n\t\t\t\tdata-form-id=\"4273\"\n\t\t\t\t data-color-option=\"default\" data-design=\"flat\" data-grid=\"open\" style=\"display: none;\"\n\t\t\t\tdata-uid=\"69e6ead3d83e8\" action=\"\"\n\t\t\t><div role=\"alert\" aria-live=\"polite\" class=\"forminator-response-message forminator-error\" aria-hidden=\"true\"><\/div><div class=\"forminator-row\"><div id=\"name-1\" class=\"forminator-field-name forminator-col forminator-col-12\"><div class=\"forminator-field\"><label for=\"forminator-field-name-1_69e6ead3d83e8\" id=\"forminator-field-name-1_69e6ead3d83e8-label\" class=\"forminator-label\">Nombre <span class=\"forminator-required\">*<\/span><\/label><input type=\"text\" name=\"name-1\" value=\"\" placeholder=\"Ejemplo: Pedro Garc\u00eda Mart\u00ednez\" id=\"forminator-field-name-1_69e6ead3d83e8\" class=\"forminator-input forminator-name--field\" aria-required=\"true\" autocomplete=\"name\" \/><\/div><\/div><\/div><div class=\"forminator-row\"><div id=\"text-1\" class=\"forminator-field-text forminator-col forminator-col-12\"><div class=\"forminator-field\"><label for=\"forminator-field-text-1_69e6ead3d83e8\" id=\"forminator-field-text-1_69e6ead3d83e8-label\" class=\"forminator-label\">Cargo \/ Rol <span class=\"forminator-required\">*<\/span><\/label><input type=\"text\" name=\"text-1\" value=\"\" placeholder=\"Ejemplo: Director\" id=\"forminator-field-text-1_69e6ead3d83e8\" class=\"forminator-input forminator-name--field\" data-required=\"1\" \/><\/div><\/div><\/div><div class=\"forminator-row\"><div id=\"email-1\" class=\"forminator-field-email forminator-col forminator-col-12\"><div class=\"forminator-field\"><label for=\"forminator-field-email-1_69e6ead3d83e8\" id=\"forminator-field-email-1_69e6ead3d83e8-label\" class=\"forminator-label\">Correo electr\u00f3nico <span class=\"forminator-required\">*<\/span><\/label><input type=\"email\" name=\"email-1\" value=\"\" placeholder=\"Ejemplo: nombre@thenextfrontier.mx\" id=\"forminator-field-email-1_69e6ead3d83e8\" class=\"forminator-input forminator-email--field\" data-required=\"1\" aria-required=\"true\" autocomplete=\"email\" \/><\/div><\/div><\/div><div class=\"forminator-row\"><div id=\"phone-1\" class=\"forminator-field-phone forminator-col forminator-col-12\"><div class=\"forminator-field\"><label for=\"forminator-field-phone-1_69e6ead3d83e8\" id=\"forminator-field-phone-1_69e6ead3d83e8-label\" class=\"forminator-label\">Tel\u00e9fono <span class=\"forminator-required\">*<\/span><\/label><input type=\"text\" name=\"phone-1\" value=\"\" placeholder=\"Ejemplo: +52 300 400 5000\" id=\"forminator-field-phone-1_69e6ead3d83e8\" class=\"forminator-input forminator-field--phone\" data-required=\"1\" aria-required=\"true\" autocomplete=\"off\" data-national_mode=\"enabled\" data-country=\"mx\" data-validation=\"standard\" \/><\/div><\/div><\/div><div class=\"forminator-row\"><div id=\"text-2\" class=\"forminator-field-text forminator-col forminator-col-12\"><div class=\"forminator-field\"><label for=\"forminator-field-text-2_69e6ead3d83e8\" id=\"forminator-field-text-2_69e6ead3d83e8-label\" class=\"forminator-label\">Nombre del medio <span class=\"forminator-required\">*<\/span><\/label><input type=\"text\" name=\"text-2\" value=\"\" placeholder=\"Ejemplo: The Next Frontier\" id=\"forminator-field-text-2_69e6ead3d83e8\" class=\"forminator-input forminator-name--field\" data-required=\"1\" \/><\/div><\/div><\/div><div class=\"forminator-row\"><div id=\"select-1\" class=\"forminator-field-select forminator-col forminator-col-12\"><div class=\"forminator-field\"><label for=\"forminator-form-4273__field--select-1_69e6ead3d83e8\" id=\"forminator-form-4273__field--select-1_69e6ead3d83e8-label\" class=\"forminator-label\">Tipo de medio <span class=\"forminator-required\">*<\/span><\/label><select  id=\"forminator-form-4273__field--select-1_69e6ead3d83e8\" class=\"forminator-select--field forminator-select2 forminator-select2-multiple\" data-required=\"1\" name=\"select-1\" data-default-value=\"\" data-placeholder=\"Seleccionar\" data-search=\"false\" data-search-placeholder=\"Seleccionar\" data-checkbox=\"false\" data-allow-clear=\"false\" aria-labelledby=\"forminator-form-4273__field--select-1_69e6ead3d83e8-label\"><option value=\"\"  >Seleccionar<\/option><option value=\"one\"  data-calculation=\"0\">TV<\/option><option value=\"two\"  data-calculation=\"0\">Radio<\/option><option value=\"Peri\u00f3dico\"  data-calculation=\"0\">Peri\u00f3dico<\/option><option value=\"Revista-Impresa\"  data-calculation=\"0\">Revista Impresa<\/option><option value=\"Web\"  data-calculation=\"0\">Web<\/option><\/select><\/div><\/div><\/div><div class=\"forminator-row\"><div id=\"name-2\" class=\"forminator-field-name forminator-col forminator-col-12\"><div class=\"forminator-field\"><label for=\"forminator-field-name-2_69e6ead3d83e8\" id=\"forminator-field-name-2_69e6ead3d83e8-label\" class=\"forminator-label\">Nombre y apellido de jefe inmediato <span class=\"forminator-required\">*<\/span><\/label><input type=\"text\" name=\"name-2\" value=\"\" placeholder=\"Ejemplo: Juan P\u00e9rez Gonz\u00e1lez\" id=\"forminator-field-name-2_69e6ead3d83e8\" class=\"forminator-input forminator-name--field\" aria-required=\"true\" autocomplete=\"name\" \/><\/div><\/div><\/div><div class=\"forminator-row\"><div id=\"phone-2\" class=\"forminator-field-phone forminator-col forminator-col-12\"><div class=\"forminator-field\"><label for=\"forminator-field-phone-2_69e6ead3d83e8\" id=\"forminator-field-phone-2_69e6ead3d83e8-label\" class=\"forminator-label\">Tel\u00e9fono de jefe inmediato <span class=\"forminator-required\">*<\/span><\/label><input type=\"text\" name=\"phone-2\" value=\"\" placeholder=\"Ejemplo: +52 300 400 5000\" id=\"forminator-field-phone-2_69e6ead3d83e8\" class=\"forminator-input forminator-field--phone\" data-required=\"1\" aria-required=\"true\" autocomplete=\"off\" data-national_mode=\"enabled\" data-country=\"mx\" data-validation=\"standard\" \/><\/div><\/div><\/div><div class=\"forminator-row\"><div id=\"address-1\" class=\"forminator-field-address forminator-col forminator-col-12\"><div class=\"forminator-row\" data-multiple=\"false\"><div id=\"address-1-state\" class=\"forminator-col forminator-col-12\"><div class=\"forminator-field\"><label for=\"forminator-field-address-1-state_69e6ead3d83e8\" id=\"forminator-field-address-1-state_69e6ead3d83e8-label\" class=\"forminator-label\">Estado de la Rep\u00fablica <span class=\"forminator-required\">*<\/span><\/label><input type=\"text\" name=\"address-1-state\" placeholder=\"Ejemplo: Ciudad de M\u00e9xico\" id=\"forminator-field-address-1-state_69e6ead3d83e8\" class=\"forminator-input\" data-required=\"1\" aria-required=\"true\" autocomplete=\"address-level1\" value=\"\" \/><\/div><\/div><\/div><\/div><\/div><div class=\"forminator-row\"><div id=\"text-3\" class=\"forminator-field-text forminator-col forminator-col-12\"><div class=\"forminator-field\"><label for=\"forminator-field-text-3_69e6ead3d83e8\" id=\"forminator-field-text-3_69e6ead3d83e8-label\" class=\"forminator-label\">Comentarios y\/o solicitudes <span class=\"forminator-required\">*<\/span><\/label><input type=\"text\" name=\"text-3\" value=\"\" placeholder=\"\" id=\"forminator-field-text-3_69e6ead3d83e8\" class=\"forminator-input forminator-name--field\" data-required=\"1\" \/><\/div><\/div><\/div><div class=\"forminator-row\"><div id=\"consent-1\" class=\"forminator-field-consent forminator-col forminator-col-12\"><div class=\"forminator-field\"><label for=\"forminator-field-consent-1_69e6ead3d83e8\" id=\"forminator-field-consent-1_69e6ead3d83e8-label\" class=\"forminator-label\">Pol\u00edticas <span class=\"forminator-required\">*<\/span><\/label><div class=\"forminator-checkbox__wrapper\"><label id=\"forminator-field-consent-1_69e6ead3d83e8__label\" class=\"forminator-checkbox forminator-consent\"><input type=\"checkbox\" name=\"consent-1\" id=\"forminator-field-consent-1_69e6ead3d83e8\" value=\"checked\" aria-labelledby=\"forminator-field-consent-1_69e6ead3d83e8-label\" aria-describedby=\"forminator-field-consent-1_69e6ead3d83e8__description\" data-required=\"true\" aria-required=\"true\" \/><span class=\"forminator-checkbox-box\" aria-hidden=\"true\"><\/span><\/label><div id=\"forminator-field-consent-1_69e6ead3d83e8__description\" class=\"forminator-checkbox__label forminator-consent__label\"><p>He le\u00eddo y estoy de acuerdo con la <a href=\"https:\/\/singularityumexico.com\/en\/aviso-de-privacidad\/\" target=\"_blank\" rel=\"noopener\">pol\u00edtica de privacidad<\/a> y los <a href=\"https:\/\/su.org\/terms-of-use\/\" target=\"_blank\" rel=\"noopener\">t\u00e9rminos <\/a><\/p><\/div><\/div><\/div><\/div><\/div><div class=\"forminator-row\"><div id=\"captcha-1\" class=\"forminator-field-captcha forminator-col forminator-col-12\"><div class=\"forminator-captcha-left forminator-g-recaptcha\" data-theme=\"light\"  data-sitekey=\"6LdXhg0jAAAAAC3sxGOvtpMqh4huM_060_DkSAkI\" data-size=\"normal\"><\/div> <\/div><\/div><input type=\"hidden\" name=\"referer_url\" value=\"\" \/><div class=\"forminator-row forminator-row-last\"><div class=\"forminator-col\"><div class=\"forminator-field\"><button class=\"forminator-button forminator-button-submit\">Enviar mensaje<\/button><\/div><\/div><\/div><input type=\"hidden\" id=\"forminator_nonce\" name=\"forminator_nonce\" value=\"ab4b40a8f2\" \/><input type=\"hidden\" name=\"_wp_http_referer\" value=\"\/en\/wp-json\/wp\/v2\/pages\/4266\" \/><input type=\"hidden\" name=\"form_id\" value=\"4273\"><input type=\"hidden\" name=\"page_id\" value=\"4266\"><input type=\"hidden\" name=\"form_type\" value=\"default\"><input type=\"hidden\" name=\"current_url\" value=\"https:\/\/singularityumexico.com\/en\/solicitud-prensa\/\"><input type=\"hidden\" name=\"render_id\" value=\"0\"><input type=\"hidden\" name=\"action\" value=\"forminator_submit_form_custom-forms\"><input type=\"hidden\" name=\"trp-form-language\" value=\"en\"\/><\/form>\n<p>Todos los medios que deseen contar con una acreditaci\u00f3n para cubrir SingularityU Digital Series Jalisco, deber\u00e1n llenar previamente este formato con fecha l\u00edmite el 1 de noviembre de 2021. Cualquier acreditaci\u00f3n solicitada por esta v\u00eda, ser\u00e1 confirmada en un correo electr\u00f3nico por los organizadores.<\/p>\n<p>No habr\u00e1 acceso para medios que asistan al evento sin una acreditaci\u00f3n. Los medios que asistan, no podr\u00e1n grabar video, ni tomar fotograf\u00edas dentro del espacio de ponencias.<\/p>\n<p>Cualquier material gr\u00e1fico que llegasen a necesitar, deber\u00e1 ser solicitado a los encargados de las relaciones p\u00fablicas del evento o escribiendo a:<span style=\"color: #ec6629; font-size: medium;\">\u00a0prensa@singularityumexicosummit.com<\/span><\/p>","protected":false},"excerpt":{"rendered":"","protected":false},"author":1,"featured_media":0,"parent":0,"menu_order":0,"comment_status":"closed","ping_status":"closed","template":"","meta":{"episode_type":"","audio_file":"","podmotor_file_id":"","podmotor_episode_id":"","cover_image":"","cover_image_id":"","duration":"","filesize":"","filesize_raw":"","date_recorded":"","explicit":"","block":"","footnotes":""},"class_list":["post-4266","page","type-page","status-publish","hentry"],"_links":{"self":[{"href":"https:\/\/singularityumexico.com\/en\/wp-json\/wp\/v2\/pages\/4266","targetHints":{"allow":["GET"]}}],"collection":[{"href":"https:\/\/singularityumexico.com\/en\/wp-json\/wp\/v2\/pages"}],"about":[{"href":"https:\/\/singularityumexico.com\/en\/wp-json\/wp\/v2\/types\/page"}],"author":[{"embeddable":true,"href":"https:\/\/singularityumexico.com\/en\/wp-json\/wp\/v2\/users\/1"}],"replies":[{"embeddable":true,"href":"https:\/\/singularityumexico.com\/en\/wp-json\/wp\/v2\/comments?post=4266"}],"version-history":[{"count":2,"href":"https:\/\/singularityumexico.com\/en\/wp-json\/wp\/v2\/pages\/4266\/revisions"}],"predecessor-version":[{"id":4274,"href":"https:\/\/singularityumexico.com\/en\/wp-json\/wp\/v2\/pages\/4266\/revisions\/4274"}],"wp:attachment":[{"href":"https:\/\/singularityumexico.com\/en\/wp-json\/wp\/v2\/media?parent=4266"}],"curies":[{"name":"wp","href":"https:\/\/api.w.org\/{rel}","templated":true}]}}