{"id":5027,"date":"2024-04-18T12:36:58","date_gmt":"2024-04-18T18:36:58","guid":{"rendered":"https:\/\/singularityumexico.com\/?page_id=5027"},"modified":"2024-05-02T22:39:06","modified_gmt":"2024-05-03T04:39:06","slug":"andrea-iorio","status":"publish","type":"page","link":"https:\/\/singularityumexico.com\/en\/andrea-iorio\/","title":{"rendered":"Andrea Iorio"},"content":{"rendered":"<section class=\"section\" id=\"section_345549472\">\n\t\t<div class=\"section-bg fill\" >\n\t\t\t\t\t\t\t\t\t\n\t\t\t\n\n\t\t<\/div>\n\n\t\t\n\n\t\t<div class=\"section-content relative\">\n\t\t\t\n\n<div class=\"row\"  id=\"row-1886336610\">\n\n\n\t<div id=\"col-1939626523\" class=\"col small-12 large-12\"  >\n\t\t\t\t<div class=\"col-inner\"  >\n\t\t\t\n\t\t\t\n\n\n  <div class=\"banner has-hover\" id=\"banner-1408246954\">\n          <div class=\"banner-inner fill\">\n        <div class=\"banner-bg fill\" >\n            <img decoding=\"async\" width=\"768\" height=\"390\" src=\"https:\/\/singularityumexico.com\/wp-content\/uploads\/2024\/05\/meta-liderazgo.jpg\" class=\"bg attachment-original size-original\" alt=\"\" \/>                                    \n                    <\/div>\n\t\t\n        <div class=\"banner-layers container\">\n            <div class=\"fill banner-link\"><\/div>            \n\n\n        <\/div>\n      <\/div>\n\n            \n<style>\n#banner-1408246954 {\n  padding-top: 143px;\n}\n#banner-1408246954 .banner-bg img {\n  object-position: 1% 53%;\n}\n@media (min-width:550px) {\n  #banner-1408246954 {\n    padding-top: 500px;\n  }\n}\n<\/style>\n  <\/div>\n\n\n\n\t\t<\/div>\n\t\t\t\t\t<\/div>\n\n\t\n\n\t<div id=\"col-305294385\" class=\"col small-12 large-12\"  >\n\t\t\t\t<div class=\"col-inner\"  >\n\t\t\t\n\t\t\t\n\n<h2>Meta-liderazgo: Las\u00a0nuevas\u00a0competencias del l\u00edder en la era de la Inteligencia Artificial<\/h2>\n<div class=\"is-divider divider clearfix\" style=\"margin-top:15px;margin-bottom:15px;\"><\/div>\n\n<p>El estilo de liderazgo que ha demostrado ser exitoso en los negocios hasta hoy, ya no ser\u00e1 una forma efectiva de llevarlos adelante en el futuro.<\/p>\n<p>La adopci\u00f3n de la inteligencia artificial esta lista para crecer en un un 40% aproximadamente por a\u00f1o durante la pr\u00f3xima d\u00e9cada, y aunque muchos l\u00edderes temen que estas tecnolog\u00edas hagan obsoleto su rol y su negocio, la realidad es que demorarse en adaptarse y emplear estas tecnolog\u00edas conducir\u00e1 a los negocios al fracaso a\u00fan m\u00e1s r\u00e1pido.<\/p>\n<p>Algunos l\u00edderes se empiezan a plantear preguntas como: \u00bfSer\u00e1 que con la Inteligencia Artificial perderemos nuestros empleos? \u00bfNos volveremos obsoletos? \u00bfCompetiremos con ChatGPT?<\/p>\n<p>En esta sesi\u00f3n Andrea Iorio nos presentar\u00e1 c\u00f3mo los nuevos l\u00edderes no necesariamente deben convertirse en expertos en las tecnolog\u00edas de Web3 y la IA. Sin embargo, s\u00ed deben desarrollar nuevas habilidades para convertirse en Meta-L\u00edderes en esta nueva fase.<\/p>\n<p>Algunas cosas que estaremos cubriendo durante este webinar son:<\/p>\n<ul>\n<li>Aprender sobre los 3 pilares del meta-liderazgo, el nuevo estilo de liderazgo necesario en el mundo de la IA.<\/li>\n<li>Conocer algunos casos y ejemplos de c\u00f3mo impacta esto en el d\u00eda de hoy.<\/li>\n<li>Tendencias futuras en liderazgo, y en aceleraci\u00f3n de la Inteligencia Artificial.<\/li>\n<\/ul>\n\n\t\t<\/div>\n\t\t\t\t\t<\/div>\n\n\t\n\n\t<div id=\"col-1308904811\" class=\"col small-12 large-12\"  >\n\t\t\t\t<div class=\"col-inner\"  >\n\t\t\t\n\t\t\t\n\n<div class=\"video video-fit mb\" style=\"padding-top:5%;\"><div style=\"width: 640px;\" class=\"wp-video\"><video class=\"wp-video-shortcode\" id=\"video-5027-1\" width=\"640\" height=\"360\" preload=\"metadata\" controls=\"controls\"><source type=\"video\/mp4\" src=\"https:\/\/singularityumexico.com\/wp-content\/uploads\/2024\/05\/Webinar-Andrea-Iorio.mp4?_=1\" \/><a href=\"https:\/\/singularityumexico.com\/wp-content\/uploads\/2024\/05\/Webinar-Andrea-Iorio.mp4\">https:\/\/singularityumexico.com\/wp-content\/uploads\/2024\/05\/Webinar-Andrea-Iorio.mp4<\/a><\/video><\/div><\/div>\n\n\n\t\t<\/div>\n\t\t\t\t\t<\/div>\n\n\t\n\n<\/div>\n\n\t\t<\/div>\n\n\t\t\n<style>\n#section_345549472 {\n  padding-top: 30px;\n  padding-bottom: 30px;\n}\n<\/style>\n\t<\/section>","protected":false},"excerpt":{"rendered":"","protected":false},"author":1,"featured_media":0,"parent":0,"menu_order":0,"comment_status":"closed","ping_status":"closed","template":"","meta":{"episode_type":"","audio_file":"","podmotor_file_id":"","podmotor_episode_id":"","cover_image":"","cover_image_id":"","duration":"","filesize":"","filesize_raw":"","date_recorded":"","explicit":"","block":"","footnotes":""},"class_list":["post-5027","page","type-page","status-publish","hentry"],"_links":{"self":[{"href":"https:\/\/singularityumexico.com\/en\/wp-json\/wp\/v2\/pages\/5027","targetHints":{"allow":["GET"]}}],"collection":[{"href":"https:\/\/singularityumexico.com\/en\/wp-json\/wp\/v2\/pages"}],"about":[{"href":"https:\/\/singularityumexico.com\/en\/wp-json\/wp\/v2\/types\/page"}],"author":[{"embeddable":true,"href":"https:\/\/singularityumexico.com\/en\/wp-json\/wp\/v2\/users\/1"}],"replies":[{"embeddable":true,"href":"https:\/\/singularityumexico.com\/en\/wp-json\/wp\/v2\/comments?post=5027"}],"version-history":[{"count":20,"href":"https:\/\/singularityumexico.com\/en\/wp-json\/wp\/v2\/pages\/5027\/revisions"}],"predecessor-version":[{"id":5055,"href":"https:\/\/singularityumexico.com\/en\/wp-json\/wp\/v2\/pages\/5027\/revisions\/5055"}],"wp:attachment":[{"href":"https:\/\/singularityumexico.com\/en\/wp-json\/wp\/v2\/media?parent=5027"}],"curies":[{"name":"wp","href":"https:\/\/api.w.org\/{rel}","templated":true}]}}